{"id":10,"date":"2024-03-22T18:35:47","date_gmt":"2024-03-22T17:35:47","guid":{"rendered":"https:\/\/amadori-nicaise-avocats.com\/?page_id=10"},"modified":"2024-11-18T17:51:02","modified_gmt":"2024-11-18T16:51:02","slug":"cabinet-davocats-amadori-nicaise-a-antibes","status":"publish","type":"page","link":"https:\/\/amadori-nicaise-avocats.com\/index.php\/cabinet-davocats-amadori-nicaise-a-antibes\/","title":{"rendered":"Avocats d&rsquo;affaire et fiscaliste \u00e0 Antibes"},"content":{"rendered":"","protected":true},"excerpt":{"rendered":"","protected":true},"author":2,"featured_media":142,"parent":0,"menu_order":0,"comment_status":"closed","ping_status":"closed","template":"","meta":{"_et_pb_use_builder":"on","_et_pb_old_content":"","_et_gb_content_width":"795","footnotes":""},"class_list":["post-10","page","type-page","status-publish","post-password-required","hentry"],"yoast_head":"<!-- This site is optimized with the Yoast SEO plugin v22.3 - https:\/\/yoast.com\/wordpress\/plugins\/seo\/ -->\n<title>Avocats d&#039;affaire et fiscaliste \u00e0 Antibes - Cabinet d&#039;Avocats Amadori Nicaise<\/title>\n<meta name=\"description\" content=\"Me Nicaise et Me Amadori traitent vos affaires et votre fiscalit\u00e9. Cession de fonds, rachat de soci\u00e9t\u00e9, de parts, bails et fiscalit\u00e9.\" \/>\n<meta name=\"robots\" content=\"index, follow, max-snippet:-1, max-image-preview:large, max-video-preview:-1\" \/>\n<link rel=\"canonical\" href=\"https:\/\/amadori-nicaise-avocats.com\/index.php\/cabinet-davocats-amadori-nicaise-a-antibes\/\" \/>\n<meta property=\"og:locale\" content=\"fr_FR\" \/>\n<meta property=\"og:type\" content=\"article\" \/>\n<meta property=\"og:title\" content=\"Cabinet d&#039;Avocats Amadori Nicaise \u00e0 Antibes\" \/>\n<meta property=\"og:description\" content=\"Me Nicaise et Me Amadori traitent vos affaires et votre fiscalit\u00e9. Cession de fonds, rachat de soci\u00e9t\u00e9, de parts, bails et fiscalit\u00e9.\" \/>\n<meta property=\"og:url\" content=\"https:\/\/amadori-nicaise-avocats.com\/index.php\/cabinet-davocats-amadori-nicaise-a-antibes\/\" \/>\n<meta property=\"og:site_name\" content=\"Cabinet d&#039;Avocats Amadori Nicaise\" \/>\n<meta property=\"article:modified_time\" content=\"2024-11-18T16:51:02+00:00\" \/>\n<meta name=\"twitter:card\" content=\"summary_large_image\" \/>\n<meta name=\"twitter:label1\" content=\"Dur\u00e9e de lecture estim\u00e9e\" \/>\n\t<meta name=\"twitter:data1\" content=\"3 minutes\" \/>\n<script type=\"application\/ld+json\" class=\"yoast-schema-graph\">{\"@context\":\"https:\/\/schema.org\",\"@graph\":[{\"@type\":\"WebPage\",\"@id\":\"https:\/\/amadori-nicaise-avocats.com\/index.php\/cabinet-davocats-amadori-nicaise-a-antibes\/\",\"url\":\"https:\/\/amadori-nicaise-avocats.com\/index.php\/cabinet-davocats-amadori-nicaise-a-antibes\/\",\"name\":\"Avocats d'affaire et fiscaliste \u00e0 Antibes - Cabinet d&#039;Avocats Amadori Nicaise\",\"isPartOf\":{\"@id\":\"https:\/\/amadori-nicaise-avocats.com\/#website\"},\"datePublished\":\"2024-03-22T17:35:47+00:00\",\"dateModified\":\"2024-11-18T16:51:02+00:00\",\"breadcrumb\":{\"@id\":\"https:\/\/amadori-nicaise-avocats.com\/index.php\/cabinet-davocats-amadori-nicaise-a-antibes\/#breadcrumb\"},\"inLanguage\":\"fr-FR\"},{\"@type\":\"WebSite\",\"@id\":\"https:\/\/amadori-nicaise-avocats.com\/#website\",\"url\":\"https:\/\/amadori-nicaise-avocats.com\/\",\"name\":\"Cabinet d'Avocats Amadori Nicaise\",\"description\":\"Cabinet d&#039;avocats en droit des affaires et fiscalit\u00e9 \u00e0 Antibes\",\"publisher\":{\"@id\":\"https:\/\/amadori-nicaise-avocats.com\/#organization\"},\"potentialAction\":[{\"@type\":\"SearchAction\",\"target\":{\"@type\":\"EntryPoint\",\"urlTemplate\":\"https:\/\/amadori-nicaise-avocats.com\/?s={search_term_string}\"},\"query-input\":\"required name=search_term_string\"}],\"inLanguage\":\"fr-FR\"},{\"@type\":\"Organization\",\"@id\":\"https:\/\/amadori-nicaise-avocats.com\/#organization\",\"name\":\"Cabinet d'Avocats Amadori Nicaise\",\"url\":\"https:\/\/amadori-nicaise-avocats.com\/\",\"logo\":{\"@type\":\"ImageObject\",\"inLanguage\":\"fr-FR\",\"@id\":\"https:\/\/amadori-nicaise-avocats.com\/#\/schema\/logo\/image\/\",\"url\":\"https:\/\/amadori-nicaise-avocats.com\/wp-content\/uploads\/2024\/03\/NICAISE-MARLENE-LOGO-NOIR.png\",\"contentUrl\":\"https:\/\/amadori-nicaise-avocats.com\/wp-content\/uploads\/2024\/03\/NICAISE-MARLENE-LOGO-NOIR.png\",\"width\":283,\"height\":283,\"caption\":\"Cabinet d'Avocats Amadori Nicaise\"},\"image\":{\"@id\":\"https:\/\/amadori-nicaise-avocats.com\/#\/schema\/logo\/image\/\"}}]}<\/script>\n<!-- \/ Yoast SEO plugin. -->","yoast_head_json":{"title":"Avocats d'affaire et fiscaliste \u00e0 Antibes - Cabinet d&#039;Avocats Amadori Nicaise","description":"Me Nicaise et Me Amadori traitent vos affaires et votre fiscalit\u00e9. Cession de fonds, rachat de soci\u00e9t\u00e9, de parts, bails et fiscalit\u00e9.","robots":{"index":"index","follow":"follow","max-snippet":"max-snippet:-1","max-image-preview":"max-image-preview:large","max-video-preview":"max-video-preview:-1"},"canonical":"https:\/\/amadori-nicaise-avocats.com\/index.php\/cabinet-davocats-amadori-nicaise-a-antibes\/","og_locale":"fr_FR","og_type":"article","og_title":"Cabinet d'Avocats Amadori Nicaise \u00e0 Antibes","og_description":"Me Nicaise et Me Amadori traitent vos affaires et votre fiscalit\u00e9. Cession de fonds, rachat de soci\u00e9t\u00e9, de parts, bails et fiscalit\u00e9.","og_url":"https:\/\/amadori-nicaise-avocats.com\/index.php\/cabinet-davocats-amadori-nicaise-a-antibes\/","og_site_name":"Cabinet d&#039;Avocats Amadori Nicaise","article_modified_time":"2024-11-18T16:51:02+00:00","twitter_card":"summary_large_image","twitter_misc":{"Dur\u00e9e de lecture estim\u00e9e":"3 minutes"},"schema":{"@context":"https:\/\/schema.org","@graph":[{"@type":"WebPage","@id":"https:\/\/amadori-nicaise-avocats.com\/index.php\/cabinet-davocats-amadori-nicaise-a-antibes\/","url":"https:\/\/amadori-nicaise-avocats.com\/index.php\/cabinet-davocats-amadori-nicaise-a-antibes\/","name":"Avocats d'affaire et fiscaliste \u00e0 Antibes - Cabinet d&#039;Avocats Amadori Nicaise","isPartOf":{"@id":"https:\/\/amadori-nicaise-avocats.com\/#website"},"datePublished":"2024-03-22T17:35:47+00:00","dateModified":"2024-11-18T16:51:02+00:00","breadcrumb":{"@id":"https:\/\/amadori-nicaise-avocats.com\/index.php\/cabinet-davocats-amadori-nicaise-a-antibes\/#breadcrumb"},"inLanguage":"fr-FR"},{"@type":"WebSite","@id":"https:\/\/amadori-nicaise-avocats.com\/#website","url":"https:\/\/amadori-nicaise-avocats.com\/","name":"Cabinet d'Avocats Amadori Nicaise","description":"Cabinet d&#039;avocats en droit des affaires et fiscalit\u00e9 \u00e0 Antibes","publisher":{"@id":"https:\/\/amadori-nicaise-avocats.com\/#organization"},"potentialAction":[{"@type":"SearchAction","target":{"@type":"EntryPoint","urlTemplate":"https:\/\/amadori-nicaise-avocats.com\/?s={search_term_string}"},"query-input":"required name=search_term_string"}],"inLanguage":"fr-FR"},{"@type":"Organization","@id":"https:\/\/amadori-nicaise-avocats.com\/#organization","name":"Cabinet d'Avocats Amadori Nicaise","url":"https:\/\/amadori-nicaise-avocats.com\/","logo":{"@type":"ImageObject","inLanguage":"fr-FR","@id":"https:\/\/amadori-nicaise-avocats.com\/#\/schema\/logo\/image\/","url":"https:\/\/amadori-nicaise-avocats.com\/wp-content\/uploads\/2024\/03\/NICAISE-MARLENE-LOGO-NOIR.png","contentUrl":"https:\/\/amadori-nicaise-avocats.com\/wp-content\/uploads\/2024\/03\/NICAISE-MARLENE-LOGO-NOIR.png","width":283,"height":283,"caption":"Cabinet d'Avocats Amadori Nicaise"},"image":{"@id":"https:\/\/amadori-nicaise-avocats.com\/#\/schema\/logo\/image\/"}}]}},"_links":{"self":[{"href":"https:\/\/amadori-nicaise-avocats.com\/index.php\/wp-json\/wp\/v2\/pages\/10","targetHints":{"allow":["GET"]}}],"collection":[{"href":"https:\/\/amadori-nicaise-avocats.com\/index.php\/wp-json\/wp\/v2\/pages"}],"about":[{"href":"https:\/\/amadori-nicaise-avocats.com\/index.php\/wp-json\/wp\/v2\/types\/page"}],"author":[{"embeddable":true,"href":"https:\/\/amadori-nicaise-avocats.com\/index.php\/wp-json\/wp\/v2\/users\/2"}],"replies":[{"embeddable":true,"href":"https:\/\/amadori-nicaise-avocats.com\/index.php\/wp-json\/wp\/v2\/comments?post=10"}],"version-history":[{"count":66,"href":"https:\/\/amadori-nicaise-avocats.com\/index.php\/wp-json\/wp\/v2\/pages\/10\/revisions"}],"predecessor-version":[{"id":207,"href":"https:\/\/amadori-nicaise-avocats.com\/index.php\/wp-json\/wp\/v2\/pages\/10\/revisions\/207"}],"wp:featuredmedia":[{"embeddable":true,"href":"https:\/\/amadori-nicaise-avocats.com\/index.php\/wp-json\/wp\/v2\/media\/142"}],"wp:attachment":[{"href":"https:\/\/amadori-nicaise-avocats.com\/index.php\/wp-json\/wp\/v2\/media?parent=10"}],"curies":[{"name":"wp","href":"https:\/\/api.w.org\/{rel}","templated":true}]}}